{"id":1104,"date":"2019-01-09T22:37:36","date_gmt":"2019-01-10T00:37:36","guid":{"rendered":"https:\/\/www.greatholdings.com.br\/energy\/?page_id=1104"},"modified":"2019-02-12T17:28:42","modified_gmt":"2019-02-12T19:28:42","slug":"portfolio","status":"publish","type":"page","link":"https:\/\/www.greatholdings.com.br\/energy\/portfolio\/","title":{"rendered":"Portf\u00f3lio"},"content":{"rendered":"<p>[vc_row][vc_column width=&#8221;2\/3&#8243;][vc_empty_space][vc_empty_space][vc_column_text]<\/p>\n<p style=\"font-size: 28px; line-height: 1.2;\">A Great Energy \u00e9 a operadora do grupo respons\u00e1vel pela explora\u00e7\u00e3o e produ\u00e7\u00e3o de petr\u00f3leo e g\u00e1s em 4 blocos no Rec\u00f4ncavo Baiano adquiridos pelo grupo:<\/p>\n<p>\u2022 REC-T- 42: adquirido na 13\u00aa rodada. Em dezembro de 2018 foi feita a aquisi\u00e7\u00e3o de dados magnetotel\u00farico que est\u00e3o sendo processados;<\/p>\n<p>\u2022 REC-T-108: adquirido na 13\u00aa rodada. Perfura\u00e7\u00e3o do primeiro po\u00e7o explorat\u00f3rio iniciada em 21 de Dezembro de 2018;<\/p>\n<p>\u2022 REC-T-107: aquisi\u00e7\u00e3o via farm-in em 2017. Primeiro po\u00e7o explorat\u00f3rio em 2017 com descoberta de hidrocarboneto em 3 forma\u00e7\u00f5es e primeiro \u00f3leo em 2018. Atualmente em fase de PAD (Plano de avalia\u00e7\u00e3o de descoberta).<\/p>\n<p>\u2022 REC-T-166: adquirido na 14\u00aa rodada. Encontra-se na fase de compra de dados do BDEP, reprocessamento de dados s\u00edsmicos e interpreta\u00e7\u00e3o de dados.<\/p>\n<p><img loading=\"lazy\" decoding=\"async\" class=\"alignnone size-full wp-image-1128\" src=\"https:\/\/www.greatholdings.com.br\/energy\/wp-content\/uploads\/2019\/01\/ft_portfolio.jpg\" alt=\"\" width=\"745\" height=\"425\" srcset=\"https:\/\/www.greatholdings.com.br\/energy\/wp-content\/uploads\/2019\/01\/ft_portfolio.jpg 745w, https:\/\/www.greatholdings.com.br\/energy\/wp-content\/uploads\/2019\/01\/ft_portfolio-300x171.jpg 300w\" sizes=\"auto, (max-width: 745px) 100vw, 745px\" \/><\/p>\n<blockquote><p>Oferta Permanente &#8211; Em 04\/12\/2018, a Comiss\u00e3o Especial de Licita\u00e7\u00e3o (CEL) da ANP aprovou a inscri\u00e7\u00e3o da Great Energy na Oferta Permanente. Conforme as regras do edital da ANP, a partir da aprova\u00e7\u00e3o da solicita\u00e7\u00e3o de inscri\u00e7\u00e3o pela CEL, as licitantes poder\u00e3o apresentar a qualquer tempo a declara\u00e7\u00e3o dos setores de interesse, acompanhada de garantia de oferta, iniciando um ciclo da Oferta Permanente.<\/p><\/blockquote>\n<p>A Oferta Permanente consiste na oferta cont\u00ednua de campos devolvidos (ou em processo de devolu\u00e7\u00e3o) e de blocos explorat\u00f3rios ofertados em licita\u00e7\u00f5es anteriores e n\u00e3o arrematados ou devolvidos \u00e0 ag\u00eancia.<\/p>\n<p>Foram selecionados para a primeira etapa 884 blocos em 14 bacias sedimentares e 14 \u00e1reas com acumula\u00e7\u00f5es marginais, sendo cerca de 80% em bacias terrestres e 20% em bacias mar\u00edtimas.<\/p>\n<p><strong>Fonte:<\/strong> <a href=\"http:\/\/www.anp.gov.br\/noticias\/4959-mais-nove-empresas-aprovadas-para-a-oferta-permanente\">http:\/\/www.anp.gov.br\/noticias\/4959-mais-nove-empresas-aprovadas-para-a-oferta-permanente<\/a><\/p>\n<p>[\/vc_column_text][\/vc_column][vc_column width=&#8221;1\/3&#8243;][\/vc_column][\/vc_row][vc_row][vc_column][vc_empty_space][\/vc_column][\/vc_row]<\/p>\n","protected":false},"excerpt":{"rendered":"<p>[vc_row][vc_column width=&#8221;2\/3&#8243;][vc_empty_space][vc_empty_space][vc_column_text] A Great Energy \u00e9 a operadora do grupo respons\u00e1vel pela explora\u00e7\u00e3o e produ\u00e7\u00e3o de petr\u00f3leo e g\u00e1s em 4 blocos no Rec\u00f4ncavo Baiano adquiridos pelo grupo: \u2022 REC-T- 42: adquirido na 13\u00aa rodada. Em dezembro de 2018 foi feita a aquisi\u00e7\u00e3o de dados magnetotel\u00farico que est\u00e3o sendo processados; \u2022 REC-T-108: adquirido na 13\u00aa [&hellip;]<\/p>\n","protected":false},"author":2,"featured_media":0,"parent":0,"menu_order":0,"comment_status":"closed","ping_status":"closed","template":"page-templates\/template-full.php","meta":{"footnotes":""},"class_list":["post-1104","page","type-page","status-publish","hentry"],"_links":{"self":[{"href":"https:\/\/www.greatholdings.com.br\/energy\/wp-json\/wp\/v2\/pages\/1104","targetHints":{"allow":["GET"]}}],"collection":[{"href":"https:\/\/www.greatholdings.com.br\/energy\/wp-json\/wp\/v2\/pages"}],"about":[{"href":"https:\/\/www.greatholdings.com.br\/energy\/wp-json\/wp\/v2\/types\/page"}],"author":[{"embeddable":true,"href":"https:\/\/www.greatholdings.com.br\/energy\/wp-json\/wp\/v2\/users\/2"}],"replies":[{"embeddable":true,"href":"https:\/\/www.greatholdings.com.br\/energy\/wp-json\/wp\/v2\/comments?post=1104"}],"version-history":[{"count":22,"href":"https:\/\/www.greatholdings.com.br\/energy\/wp-json\/wp\/v2\/pages\/1104\/revisions"}],"predecessor-version":[{"id":1177,"href":"https:\/\/www.greatholdings.com.br\/energy\/wp-json\/wp\/v2\/pages\/1104\/revisions\/1177"}],"wp:attachment":[{"href":"https:\/\/www.greatholdings.com.br\/energy\/wp-json\/wp\/v2\/media?parent=1104"}],"curies":[{"name":"wp","href":"https:\/\/api.w.org\/{rel}","templated":true}]}}