{"id":1187,"date":"2019-01-18T17:28:30","date_gmt":"2019-01-18T19:28:30","guid":{"rendered":"https:\/\/www.greatholdings.com.br\/oil\/?page_id=1187"},"modified":"2019-02-13T01:19:28","modified_gmt":"2019-02-13T03:19:28","slug":"quem-somos","status":"publish","type":"page","link":"https:\/\/www.greatholdings.com.br\/oil\/quem-somos\/","title":{"rendered":"QUEM SOMOS"},"content":{"rendered":"<p>[vc_row 0=&#8221;&#8221;][vc_column width=&#8221;2\/3&#8243;][vc_empty_space 0=&#8221;&#8221;][vc_empty_space 0=&#8221;&#8221;][vc_column_text 0=&#8221;&#8221;]<a href=\"https:\/\/www.greatholdings.com.br\/oil\/wp-content\/uploads\/2019\/01\/great_oil.jpg\"><img loading=\"lazy\" decoding=\"async\" class=\"alignnone wp-image-4736 size-full\" src=\"http:\/\/www.afigueira.com.br\/clientes\/greatholdings\/wp-content\/uploads\/2017\/05\/great_oil.jpg\" alt=\"\" width=\"275\" height=\"98\" \/><\/a><\/p>\n<p>&nbsp;<\/p>\n<p><strong> A Great Oil \u00e9 uma empresa de perfura\u00e7\u00e3o de po\u00e7os de petr\u00f3leo e g\u00e1s onshore com opera\u00e7\u00f5es no Brasil desde 2005. \u00c9 propriet\u00e1ria de oito sondas de perfura\u00e7\u00e3o, com capacidade de perfurar po\u00e7os de petr\u00f3leo e g\u00e1s com at\u00e9 3.500 metros de profundidade.<\/strong><\/p>\n<p>Algumas destas sondas s\u00e3o particularmente avan\u00e7adas e apresentam caracter\u00edsticas especiais, como \u00e9 o caso da sonda Oil-120, fabricada em 2011 pela Care Industries, no Canad\u00e1. Esta sonda, de 850 HP,\u00a0tem\u00a0capacidade de perfurar po\u00e7os de at\u00e9 3 mil metros, possui walking system, que permite\u00a0o deslocamento em at\u00e9 30 m, entre po\u00e7os,\u00a0em uma mesma loca\u00e7\u00e3o, sem\u00a0a\u00a0necessidade de utiliza\u00e7\u00e3o de guindastes ou caminh\u00f5es, gerando grande economia de recursos e tempo,\u00a0quando em perfura\u00e7\u00e3o em clusters.<\/p>\n<p>A Great Oil tamb\u00e9m atua na \u00e1rea interven\u00e7\u00e3o de po\u00e7os de petr\u00f3leo e g\u00e1s onshore, prestando servi\u00e7os de Completa\u00e7\u00e3o e Workover pesado, onde disp\u00f5e da Oil-106, fabricada em 2009 pela Care Industries, no Canad\u00e1. Esta sonda \u00e9 dotada de subestrutura e tem capacidade de interven\u00e7\u00e3o em po\u00e7os de at\u00e9 4.000 m de profundidade.<\/p>\n<p>&nbsp;<\/p>\n<p><img decoding=\"async\" class=\"alignnone size-full wp-image-4734\" src=\"https:\/\/www.greatholdings.com.br\/oil\/wp-content\/uploads\/2019\/01\/img_oil.jpg\" alt=\"\" \/>[\/vc_column_text][\/vc_column][vc_column width=&#8221;1\/3&#8243;][\/vc_column][\/vc_row][vc_row 0=&#8221;&#8221;][vc_column 0=&#8221;&#8221;][vc_empty_space 0=&#8221;&#8221;][\/vc_column][\/vc_row]<\/p>\n","protected":false},"excerpt":{"rendered":"<p>[vc_row 0=&#8221;&#8221;][vc_column width=&#8221;2\/3&#8243;][vc_empty_space 0=&#8221;&#8221;][vc_empty_space 0=&#8221;&#8221;][vc_column_text 0=&#8221;&#8221;] &nbsp; A Great Oil \u00e9 uma empresa de perfura\u00e7\u00e3o de po\u00e7os de petr\u00f3leo e g\u00e1s onshore com opera\u00e7\u00f5es no Brasil desde 2005. \u00c9 propriet\u00e1ria de oito sondas de perfura\u00e7\u00e3o, com capacidade de perfurar po\u00e7os de petr\u00f3leo e g\u00e1s com at\u00e9 3.500 metros de profundidade. Algumas destas sondas s\u00e3o particularmente [&hellip;]<\/p>\n","protected":false},"author":2,"featured_media":0,"parent":0,"menu_order":0,"comment_status":"closed","ping_status":"closed","template":"page-templates\/template-full.php","meta":{"footnotes":""},"class_list":["post-1187","page","type-page","status-publish","hentry"],"_links":{"self":[{"href":"https:\/\/www.greatholdings.com.br\/oil\/wp-json\/wp\/v2\/pages\/1187","targetHints":{"allow":["GET"]}}],"collection":[{"href":"https:\/\/www.greatholdings.com.br\/oil\/wp-json\/wp\/v2\/pages"}],"about":[{"href":"https:\/\/www.greatholdings.com.br\/oil\/wp-json\/wp\/v2\/types\/page"}],"author":[{"embeddable":true,"href":"https:\/\/www.greatholdings.com.br\/oil\/wp-json\/wp\/v2\/users\/2"}],"replies":[{"embeddable":true,"href":"https:\/\/www.greatholdings.com.br\/oil\/wp-json\/wp\/v2\/comments?post=1187"}],"version-history":[{"count":2,"href":"https:\/\/www.greatholdings.com.br\/oil\/wp-json\/wp\/v2\/pages\/1187\/revisions"}],"predecessor-version":[{"id":1192,"href":"https:\/\/www.greatholdings.com.br\/oil\/wp-json\/wp\/v2\/pages\/1187\/revisions\/1192"}],"wp:attachment":[{"href":"https:\/\/www.greatholdings.com.br\/oil\/wp-json\/wp\/v2\/media?parent=1187"}],"curies":[{"name":"wp","href":"https:\/\/api.w.org\/{rel}","templated":true}]}}