{"id":1196,"date":"2019-01-18T17:54:55","date_gmt":"2019-01-18T19:54:55","guid":{"rendered":"https:\/\/www.greatholdings.com.br\/oil\/?page_id=1196"},"modified":"2019-02-13T01:19:13","modified_gmt":"2019-02-13T03:19:13","slug":"workover","status":"publish","type":"page","link":"https:\/\/www.greatholdings.com.br\/oil\/workover\/","title":{"rendered":"Workover"},"content":{"rendered":"<p>[vc_row 0=&#8221;&#8221;][vc_column width=&#8221;2\/3&#8243;][vc_empty_space 0=&#8221;&#8221;][vc_empty_space 0=&#8221;&#8221;][vc_column_text 0=&#8221;&#8221;]<\/p>\n<p><strong>A Great Oil tamb\u00e9m oferece o servi\u00e7o de workover a seus clientes.<\/strong><\/p>\n<p>Workover \u00e9 o conjunto de opera\u00e7\u00f5es que, uma vez iniciada a produ\u00e7\u00e3o\/inje\u00e7\u00e3o do po\u00e7o, permitam retomar ou melhorar as condi\u00e7\u00f5es de produ\u00e7\u00e3o\/inje\u00e7\u00e3o esperadas do po\u00e7o no mesmo intervalo, realizar mudan\u00e7a do intervalo de produ\u00e7\u00e3o\/inje\u00e7\u00e3o ou efetuar o abandono de um po\u00e7o. Objetivam corrigir problemas de modo a permitir que a produ\u00e7\u00e3o ou inje\u00e7\u00e3o de fluidos retorne ao n\u00edvel normal ou operacional.[\/vc_column_text][\/vc_column][vc_column width=&#8221;1\/3&#8243;][\/vc_column][\/vc_row][vc_row 0=&#8221;&#8221;][vc_column 0=&#8221;&#8221;][vc_empty_space 0=&#8221;&#8221;][\/vc_column][\/vc_row]<\/p>\n","protected":false},"excerpt":{"rendered":"<p>[vc_row 0=&#8221;&#8221;][vc_column width=&#8221;2\/3&#8243;][vc_empty_space 0=&#8221;&#8221;][vc_empty_space 0=&#8221;&#8221;][vc_column_text 0=&#8221;&#8221;] A Great Oil tamb\u00e9m oferece o servi\u00e7o de workover a seus clientes. Workover \u00e9 o conjunto de opera\u00e7\u00f5es que, uma vez iniciada a produ\u00e7\u00e3o\/inje\u00e7\u00e3o do po\u00e7o, permitam retomar ou melhorar as condi\u00e7\u00f5es de produ\u00e7\u00e3o\/inje\u00e7\u00e3o esperadas do po\u00e7o no mesmo intervalo, realizar mudan\u00e7a do intervalo de produ\u00e7\u00e3o\/inje\u00e7\u00e3o ou efetuar o [&hellip;]<\/p>\n","protected":false},"author":2,"featured_media":0,"parent":0,"menu_order":0,"comment_status":"closed","ping_status":"closed","template":"page-templates\/template-full.php","meta":{"footnotes":""},"class_list":["post-1196","page","type-page","status-publish","hentry"],"_links":{"self":[{"href":"https:\/\/www.greatholdings.com.br\/oil\/wp-json\/wp\/v2\/pages\/1196","targetHints":{"allow":["GET"]}}],"collection":[{"href":"https:\/\/www.greatholdings.com.br\/oil\/wp-json\/wp\/v2\/pages"}],"about":[{"href":"https:\/\/www.greatholdings.com.br\/oil\/wp-json\/wp\/v2\/types\/page"}],"author":[{"embeddable":true,"href":"https:\/\/www.greatholdings.com.br\/oil\/wp-json\/wp\/v2\/users\/2"}],"replies":[{"embeddable":true,"href":"https:\/\/www.greatholdings.com.br\/oil\/wp-json\/wp\/v2\/comments?post=1196"}],"version-history":[{"count":3,"href":"https:\/\/www.greatholdings.com.br\/oil\/wp-json\/wp\/v2\/pages\/1196\/revisions"}],"predecessor-version":[{"id":1221,"href":"https:\/\/www.greatholdings.com.br\/oil\/wp-json\/wp\/v2\/pages\/1196\/revisions\/1221"}],"wp:attachment":[{"href":"https:\/\/www.greatholdings.com.br\/oil\/wp-json\/wp\/v2\/media?parent=1196"}],"curies":[{"name":"wp","href":"https:\/\/api.w.org\/{rel}","templated":true}]}}