{"id":1226,"date":"2019-02-13T19:47:43","date_gmt":"2019-02-13T21:47:43","guid":{"rendered":"https:\/\/www.greatholdings.com.br\/oil\/?page_id=1226"},"modified":"2023-11-03T15:39:37","modified_gmt":"2023-11-03T18:39:37","slug":"home","status":"publish","type":"page","link":"https:\/\/www.greatholdings.com.br\/oil\/","title":{"rendered":"Home"},"content":{"rendered":"<p>[vc_row fullwidth=&#8221;yes&#8221; gap=&#8221;&#8221; parallax=&#8221;&#8221; el_class=&#8221;top-slide&#8221; el_id=&#8221;home&#8221;][vc_column 0=&#8221;&#8221;][rev_slider_vc alias=&#8221;slider1&#8243;][\/vc_column][\/vc_row][vc_row css=&#8221;.vc_custom_1497852657168{margin-top: -81px !important;padding-top: 60px !important;padding-bottom: 60px !important;background-color: #408d4e !important;}&#8221;][vc_column 0=&#8221;&#8221;][vc_column_text 0=&#8221;&#8221;]<span style=\"text-align: center; box-sizing: border-box; color: #ffffff; display: block; font-family: 'Roboto', Arial, sans-serif; font-size: 21px; font-weight: 500; letter-spacing: normal; line-height: 1.4; text-transform: uppercase; margin: 0px;\">A EMPRESA POSSUI A MAIOR FROTA DE SONDAS DO PA\u00cdS. S\u00c3O 8 SONDAS COM CAPACIDADE DE PERFURAR PO\u00c7OS ENTRE 2 MIL E 3,5 MIL METROS E QUE EST\u00c3O EM CONSTANTE MOVIMENTO PELAS \u00c1REAS DE EXPLORA\u00c7\u00c3O DO PA\u00cdS.<\/span>[\/vc_column_text][\/vc_column][\/vc_row][vc_row css=&#8221;.vc_custom_1549399618585{padding-top: 80px !important;padding-bottom: 80px !important;background-color: #f8f5f2 !important;}&#8221; el_id=&#8221;nossos-servicos&#8221;][vc_column 0=&#8221;&#8221;]\t\n\t<h1 style=\"text-align: center;margin-bottom: 10px;\" > Nossos servi\u00e7os<\/h1>\t\n[vc_column_text css=&#8221;.vc_custom_1497855644787{margin-bottom: 60px !important;}&#8221;]<\/p>\n<p style=\"text-align: center;\">Um pouco sobre nossa atua\u00e7\u00e3o e solu\u00e7\u00f5es diferenciadas para atender o mercado<\/p>\n<p>[\/vc_column_text][\/vc_column][vc_column el_class=&#8221;center-box&#8221;][vc_row_inner el_class=&#8221;full-height&#8221;][vc_column_inner width=&#8221;1\/3&#8243;]    <div class=\"service-block\"><!-- service block -->\n      <div class=\"service-img\"> <a href=\"https:\/\/www.greatholdings.com.br\/oil\/perfuracao\" title=\"Corporate Tax Image\"><img decoding=\"async\" src=\"https:\/\/www.greatholdings.com.br\/oil\/wp-content\/uploads\/2016\/05\/job_2oil.jpg\" alt=\"\" class=\"img-responsive\"><\/a> <\/div>\n      <div class=\"service-desc bg-color inerspace40 text-center\">\n        <h2 ><a href=\"https:\/\/www.greatholdings.com.br\/oil\/perfuracao\" class=\"heading-title\" title=\"Corporate Tax Title\">PERFURA\u00c7\u00c3O<\/a><\/h2>\n        <p><\/p>\n<p style=\"text-align: left;\">Algumas das sondas da frota da Great Oil s\u00e3o particularmente avan\u00e7adas e apresentam caracter\u00edsticas especiais, como \u00e9 o caso da sonda Oil-120, fabricada em 2011 pela Care Industries, no Canad\u00e1.<\/p>\n<p><\/p>\n      <\/div>\n    <\/div>\n[\/vc_column_inner][vc_column_inner width=&#8221;1\/3&#8243;]    <div class=\"service-block\"><!-- service block -->\n      <div class=\"service-img\"> <a href=\"https:\/\/www.greatholdings.com.br\/oil\/workover\" title=\"Corporate Tax Image\"><img decoding=\"async\" src=\"https:\/\/www.greatholdings.com.br\/oil\/wp-content\/uploads\/2016\/05\/job_1oil.jpg\" alt=\"\" class=\"img-responsive\"><\/a> <\/div>\n      <div class=\"service-desc bg-color inerspace40 text-center\">\n        <h2 ><a href=\"https:\/\/www.greatholdings.com.br\/oil\/workover\" class=\"heading-title\" title=\"Corporate Tax Title\">WORKOVER<\/a><\/h2>\n        <p><\/p>\n<p style=\"text-align: left;\">A Great Oil tamb\u00e9m oferece o servi\u00e7o de workover a seus clientes. Workover\u00a0\u00e9 o conjunto de opera\u00e7\u00f5es que, uma vez iniciada a produ\u00e7\u00e3o\/inje\u00e7\u00e3o do po\u00e7o, permitam retomar ou melhorar as condi\u00e7\u00f5es de produ\u00e7\u00e3o\/inje\u00e7\u00e3o.<\/p>\n<p><\/p>\n      <\/div>\n    <\/div>\n[\/vc_column_inner][\/vc_row_inner][\/vc_column][\/vc_row][vc_row css=&#8221;.vc_custom_1497857355230{padding-top: 80px !important;background-color: #f0ebe6 !important;}&#8221; el_id=&#8221;sondas&#8221;][vc_column 0=&#8221;&#8221;]\t\n\t<h1 style=\"text-align: center;margin-bottom: 10px;\" > A frota da great oil<\/h1>\t\n[vc_column_text css=&#8221;.vc_custom_1547837445700{margin-bottom: 60px !important;}&#8221;]<\/p>\n<p style=\"text-align: center;\">A Great Oil possui 3 bases operacionais no nordeste brasileiro: uma no Maranh\u00e3o\u00a0e\u00a0duas na Bahia. A principal delas,<br \/>\nem Pojuca (BA), ocupa uma \u00e1rea de 25 mil metros<sup>2\u00a0<\/sup>e atende todas as empresas do Grupo Great em suas demandas<br \/>\nde manuten\u00e7\u00e3o, montagem e armazenamento de equipamentos.<\/p>\n<p>[\/vc_column_text][vc_row_inner 0=&#8221;&#8221;][vc_column_inner width=&#8221;1\/4&#8243;][vc_single_image image=&#8221;1124&#8243; img_size=&#8221;full&#8221; onclick=&#8221;custom_link&#8221; img_link_target=&#8221;_blank&#8221; link=&#8221;https:\/\/www.greatholdings.com.br\/product\/rig-oil-105-850-hp-ac-dc-scr-type-electric-power\/&#8221;][vc_column_text 0=&#8221;&#8221;]<span style=\"font-size: 15px;\"><a href=\"https:\/\/www.greatholdings.com.br\/product\/rig-oil-105-850-hp-ac-dc-scr-type-electric-power\/\"><span style=\"color: #006730; margin-top: -10px; display: block; font-weight: bold; line-height: 19.5px; text-align: center;\">RIG OIL 105 \u2013 850 HP (AC\u2013DC, SCR TYPE, ELECTRIC POWER)<\/span><\/a><\/span>[\/vc_column_text][\/vc_column_inner][vc_column_inner width=&#8221;1\/4&#8243;][vc_single_image image=&#8221;1026&#8243; img_size=&#8221;full&#8221; onclick=&#8221;custom_link&#8221; img_link_target=&#8221;_blank&#8221; link=&#8221;https:\/\/www.greatholdings.com.br\/product\/rig-oil-106-650-hp-carrier-mounted-workover-and-drilling-rig\/&#8221;][vc_column_text 0=&#8221;&#8221;]<span style=\"font-size: 15px;\"><a href=\"https:\/\/www.greatholdings.com.br\/product\/rig-oil-106-650-hp-carrier-mounted-workover-and-drilling-rig\/\"><span style=\"color: #006730; margin-top: -10px; display: block; font-weight: bold; line-height: 19.5px; text-align: center;\">RIG OIL 106 \u2013 650 HP CARRIER MOUNTED WORKOVER AND DRILLING RIG<\/span><\/a><\/span>[\/vc_column_text][\/vc_column_inner][vc_column_inner width=&#8221;1\/4&#8243;][vc_single_image image=&#8221;1183&#8243; img_size=&#8221;full&#8221; onclick=&#8221;custom_link&#8221; img_link_target=&#8221;_blank&#8221; link=&#8221;https:\/\/www.greatholdings.com.br\/product\/rig-oil-120-850-hp-drilling-rig\/&#8221;][vc_column_text 0=&#8221;&#8221;]<span style=\"font-size: 15px;\"><a href=\"https:\/\/www.greatholdings.com.br\/product\/rig-oil-120-850-hp-drilling-rig\/\"><span style=\"color: #006730; margin-top: -10px; display: block; font-weight: bold; line-height: 19.5px; text-align: center;\">RIG OIL 120 \u2013 850 HP DRILLING RIG<\/span><\/a><\/span>[\/vc_column_text][\/vc_column_inner][vc_column_inner width=&#8221;1\/4&#8243;][vc_single_image image=&#8221;1028&#8243; img_size=&#8221;full&#8221; onclick=&#8221;custom_link&#8221; img_link_target=&#8221;_blank&#8221; link=&#8221;https:\/\/www.greatholdings.com.br\/product\/rig-oil-122-550-hp-carrier-mounted-drilling-rig\/&#8221;][vc_column_text 0=&#8221;&#8221;]<a href=\"https:\/\/www.greatholdings.com.br\/product\/rig-oil-122-550-hp-carrier-mounted-drilling-rig\/\"><span style=\"color: #006730; margin-top: -10px; display: block; font-size: 15px; font-weight: bold; line-height: 19.5px; ;text-align: center;\">RIG OIL 122 \u2013 550 HP CARRIER MOUNTED DRILLING RIG<\/span><\/a>[\/vc_column_text][\/vc_column_inner][\/vc_row_inner][vc_row_inner 0=&#8221;&#8221;][vc_column_inner width=&#8221;1\/4&#8243;][vc_single_image image=&#8221;1030&#8243; img_size=&#8221;full&#8221; onclick=&#8221;custom_link&#8221; img_link_target=&#8221;_blank&#8221; link=&#8221;https:\/\/www.greatholdings.com.br\/product\/rig-oil-126-750-hp-carrier-mounted-drilling-rig\/&#8221;][vc_column_text 0=&#8221;&#8221;]<span style=\"font-size: 15px;\"><a href=\"https:\/\/www.greatholdings.com.br\/product\/rig-oil-126-750-hp-carrier-mounted-drilling-rig\/\"><span style=\"color: #006730; margin-top: -10px; display: block; font-weight: bold; line-height: 19.5px; text-align: center;\">RIG OIL 126 \u2013 750 HP CARRIER MOUNTED DRILLING RIG<\/span><\/a><\/span>[\/vc_column_text][\/vc_column_inner][vc_column_inner width=&#8221;1\/4&#8243;][vc_single_image image=&#8221;1031&#8243; img_size=&#8221;full&#8221; onclick=&#8221;custom_link&#8221; img_link_target=&#8221;_blank&#8221; link=&#8221;https:\/\/www.greatholdings.com.br\/product\/rig-oil-127-750-hp-carrier-mounted-drilling-rig\/&#8221;][vc_column_text 0=&#8221;&#8221;]<span style=\"font-size: 15px;\"><a href=\"https:\/\/www.greatholdings.com.br\/product\/rig-oil-127-750-hp-carrier-mounted-drilling-rig\/\"><span style=\"color: #006730; margin-top: -10px; display: block; font-weight: bold; line-height: 19.5px; text-align: center;\">RIG OIL 127 \u2013 750 HP CARRIER MOUNTED DRILLING RIG<\/span><\/a><\/span>[\/vc_column_text][\/vc_column_inner][vc_column_inner width=&#8221;1\/4&#8243;][vc_single_image image=&#8221;1032&#8243; img_size=&#8221;full&#8221; onclick=&#8221;custom_link&#8221; img_link_target=&#8221;_blank&#8221; link=&#8221;https:\/\/www.greatholdings.com.br\/product\/rig-oil-128-1000-hp-carrier-mounted-drilling-rig-3\/&#8221;][vc_column_text 0=&#8221;&#8221;]<span style=\"font-size: 15px;\"><a href=\"https:\/\/www.greatholdings.com.br\/product\/rig-oil-128-1000-hp-carrier-mounted-drilling-rig-3\/\"><span style=\"color: #006730; margin-top: -10px; display: block; font-weight: bold; line-height: 19.5px; text-align: center;\">RIG OIL 128 \u2013 1000 HP CARRIER MOUNTED DRILLING RIG<\/span><\/a><\/span>[\/vc_column_text][\/vc_column_inner][\/vc_row_inner][vc_empty_space height=&#8221;52px&#8221;][\/vc_column][\/vc_row][vc_row css=&#8221;.vc_custom_1547084724744{background-color: #f8f5f2 !important;}&#8221; el_id=&#8221;valores&#8221;][vc_column el_id=&#8221;performance&#8221;][vc_row_inner 0=&#8221;&#8221;][vc_column_inner css=&#8221;.vc_custom_1547228245391{padding-top: 40px !important;}&#8221; el_id=&#8221;performance&#8221;][vc_empty_space 0=&#8221;&#8221;][\/vc_column_inner][\/vc_row_inner][vc_row_inner 0=&#8221;&#8221;][vc_column_inner width=&#8221;1\/2&#8243; css=&#8221;.vc_custom_1547227607501{padding-bottom: 40px !important;}&#8221;][vc_column_text 0=&#8221;&#8221;]<\/p>\n<h2>PERFORMANCE<\/h2>\n<p>&nbsp;<\/p>\n<p class=\"lead\">Os altos \u00edndices de efici\u00eancia da Great Oil se devem ao expressivo investimento em tecnologia e treinamento, que busca aliar inova\u00e7\u00e3o \u00e0 capacita\u00e7\u00e3o permanente de nossos colaboradores.Nossos sistemas permitem o deslocamento da sonda numa mesma loca\u00e7\u00e3o e a movimenta\u00e7\u00e3o remota de tubos. Por outro lado, o XPD, sistema inovador desenvolvido com aux\u00edlio da neuroci\u00eancia, amplifica as habilidades cognitivas do colaborador como corre\u00e7\u00f5es de desvios em tempo real, o que garante maior seguran\u00e7a para a opera\u00e7\u00e3o.<\/p>\n<p>[\/vc_column_text][\/vc_column_inner][vc_column_inner width=&#8221;1\/2&#8243;][vc_single_image image=&#8221;1180&#8243; img_size=&#8221;full&#8221; alignment=&#8221;center&#8221;][\/vc_column_inner][\/vc_row_inner][vc_empty_space css=&#8221;.vc_custom_1547227706310{padding-bottom: 80px !important;}&#8221;][\/vc_column][\/vc_row][vc_row css=&#8221;.vc_custom_1547084968530{padding-top: 20px !important;padding-bottom: 20px !important;background-color: #d7ecdd !important;}&#8221;][vc_column el_id=&#8221;presenca&#8221;][vc_empty_space height=&#8221;50px&#8221;][vc_row_inner 0=&#8221;&#8221;][vc_column_inner width=&#8221;1\/2&#8243; el_id=&#8221;presenca&#8221;][vc_single_image image=&#8221;1207&#8243; img_size=&#8221;full&#8221;][\/vc_column_inner][vc_column_inner width=&#8221;1\/2&#8243;][vc_column_text 0=&#8221;&#8221;]<\/p>\n<h2>PRESEN\u00c7A<\/h2>\n<p>&nbsp;<\/p>\n<p class=\"lead\">A Great Oil vem ampliando sua capacidade instalada continuamente e atua nas regi\u00f5es Sudeste, Norte e Nordeste do Brasil, com bases de opera\u00e7\u00f5es em Trizidela do Vale (Maranh\u00e3o) e Pojuca (Bahia), onde disponibiliza seus equipamentos, de reconhecida qualidade, e presta servi\u00e7os de excel\u00eancia.<\/p>\n<p>[\/vc_column_text][\/vc_column_inner][\/vc_row_inner][\/vc_column][\/vc_row][vc_row css=&#8221;.vc_custom_1499831622956{padding-top: 80px !important;padding-bottom: 80px !important;background-color: #f8f5f2 !important;}&#8221; el_class=&#8221;hidde hidden&#8221;][vc_column 0=&#8221;&#8221;]\t\n\t<h1 style=\"text-align: center;margin-bottom: 10px;\" > Depoimentos<\/h1>\t\n[vc_column_text css=&#8221;.vc_custom_1491675521554{margin-bottom: 60px !important;}&#8221;]<\/p>\n<p style=\"text-align: center;\">Opini\u00e3o de profissionais do mercado e clientes sobre a Great Solutions<\/p>\n<p>[\/vc_column_text]        <div class=\"testimonial-section\">\n      <div class=\"owl-carousel\">\n      \n        <div class=\"item\">\n          <div class=\"well-default\">\n            <div class=\"testimonial-block\">\n              <div class=\"testimonial-quote\"> <i class=\"fa fa-quote-left\"><\/i> <\/div>\n              <div class=\"testimonial-desc\"><p>\u201cI just don&#8217;t know how to describe your services. you are extraordinary! I am quite happy with them! Just keep up going this way!\u201d<\/p>\n<\/div>\n              <div class=\"testimonial-info\">\n                <h3 class=\"testimonial-name\">Ryder Lothian<\/h3>\n                <span class=\"testimonial-meta\">Financial Planning<\/span> \n              <\/div>\n            <\/div>\n          <\/div>\n        <\/div>  \n      \n        <div class=\"item\">\n          <div class=\"well-default\">\n            <div class=\"testimonial-block\">\n              <div class=\"testimonial-quote\"> <i class=\"fa fa-quote-left\"><\/i> <\/div>\n              <div class=\"testimonial-desc\"><p>\u201cIn short meetings with Smith managed to find the solution personally catered to my situation and expectations. Punctual, well informed and very reliable.\u201d<\/p>\n<\/div>\n              <div class=\"testimonial-info\">\n                <h3 class=\"testimonial-name\">Smith Lothian<\/h3>\n                <span class=\"testimonial-meta\">Financial Planning<\/span> \n              <\/div>\n            <\/div>\n          <\/div>\n        <\/div>  \n      \n        <div class=\"item\">\n          <div class=\"well-default\">\n            <div class=\"testimonial-block\">\n              <div class=\"testimonial-quote\"> <i class=\"fa fa-quote-left\"><\/i> <\/div>\n              <div class=\"testimonial-desc\"><p>&#8220;Proin sollicitudin non sem vel secenas nec magna odio urabitur is, in aliquet urna varius sedmperdiet tempus metus, ac fermentum mauris ornare non.&#8221;<\/p>\n<\/div>\n              <div class=\"testimonial-info\">\n                <h3 class=\"testimonial-name\">Ryder Lothian<\/h3>\n                <span class=\"testimonial-meta\">Financial Planning<\/span> \n              <\/div>\n            <\/div>\n          <\/div>\n        <\/div>  \n      \n        <div class=\"item\">\n          <div class=\"well-default\">\n            <div class=\"testimonial-block\">\n              <div class=\"testimonial-quote\"> <i class=\"fa fa-quote-left\"><\/i> <\/div>\n              <div class=\"testimonial-desc\"><p>&#8220;Proin sollicitudin non sem vel secenas nec magna odio urabitur is, in aliquet urna varius sedmperdiet tempus metus, ac fermentum mauris ornare non.&#8221;<\/p>\n<\/div>\n              <div class=\"testimonial-info\">\n                <h3 class=\"testimonial-name\">Ryder Lothian<\/h3>\n                <span class=\"testimonial-meta\">Financial Planning<\/span> \n              <\/div>\n            <\/div>\n          <\/div>\n        <\/div>  \n                  <\/div>\n    <\/div>\n    [\/vc_column][\/vc_row][vc_row fullwidth=&#8221;yes&#8221; el_class=&#8221;black-action&#8221;][vc_column 0=&#8221;&#8221;]        <div class=\"call-to-action\">\n      <div class=\"container\">\n        <div class=\"row\">\n          <div class=\"col-md-9\">\n            <h1 class=\"call-to-action-title\">ACESSE O SITE DO GRUPO GREAT HOLDINGS PARA SABER SOBRE N\u00d3S<\/h1>          <\/div>\n          <div class=\"col-md-3\">\n                <a data-gal=\"m_PageScroll2id\" data-ps2id-offset=\"78\" class=\"btn btn-secondary btn-lg\" href=\"http:\/\/www.afigueira.com.br\/clientes\/greatholdings\/\" title=\"GREAT HOLDINGS \" target=\"_self\">GREAT HOLDINGS <\/a>          <\/div>\n        \n        <\/div>\n      <\/div>\n    <\/div>\n    [\/vc_column][\/vc_row]<\/p>\n","protected":false},"excerpt":{"rendered":"<p>[vc_row fullwidth=&#8221;yes&#8221; gap=&#8221;&#8221; parallax=&#8221;&#8221; el_class=&#8221;top-slide&#8221; el_id=&#8221;home&#8221;][vc_column 0=&#8221;&#8221;][rev_slider_vc alias=&#8221;slider1&#8243;][\/vc_column][\/vc_row][vc_row css=&#8221;.vc_custom_1497852657168{margin-top: -81px !important;padding-top: 60px !important;padding-bottom: 60px !important;background-color: #408d4e !important;}&#8221;][vc_column 0=&#8221;&#8221;][vc_column_text 0=&#8221;&#8221;]A EMPRESA POSSUI A MAIOR FROTA DE SONDAS DO PA\u00cdS. S\u00c3O 8 SONDAS COM CAPACIDADE DE PERFURAR PO\u00c7OS ENTRE 2 MIL E 3,5 MIL METROS E QUE EST\u00c3O EM CONSTANTE MOVIMENTO PELAS \u00c1REAS DE EXPLORA\u00c7\u00c3O DO PA\u00cdS.[\/vc_column_text][\/vc_column][\/vc_row][vc_row [&hellip;]<\/p>\n","protected":false},"author":2,"featured_media":0,"parent":0,"menu_order":0,"comment_status":"closed","ping_status":"closed","template":"page-templates\/template-canvas.php","meta":{"footnotes":""},"class_list":["post-1226","page","type-page","status-publish","hentry"],"_links":{"self":[{"href":"https:\/\/www.greatholdings.com.br\/oil\/wp-json\/wp\/v2\/pages\/1226","targetHints":{"allow":["GET"]}}],"collection":[{"href":"https:\/\/www.greatholdings.com.br\/oil\/wp-json\/wp\/v2\/pages"}],"about":[{"href":"https:\/\/www.greatholdings.com.br\/oil\/wp-json\/wp\/v2\/types\/page"}],"author":[{"embeddable":true,"href":"https:\/\/www.greatholdings.com.br\/oil\/wp-json\/wp\/v2\/users\/2"}],"replies":[{"embeddable":true,"href":"https:\/\/www.greatholdings.com.br\/oil\/wp-json\/wp\/v2\/comments?post=1226"}],"version-history":[{"count":6,"href":"https:\/\/www.greatholdings.com.br\/oil\/wp-json\/wp\/v2\/pages\/1226\/revisions"}],"predecessor-version":[{"id":1285,"href":"https:\/\/www.greatholdings.com.br\/oil\/wp-json\/wp\/v2\/pages\/1226\/revisions\/1285"}],"wp:attachment":[{"href":"https:\/\/www.greatholdings.com.br\/oil\/wp-json\/wp\/v2\/media?parent=1226"}],"curies":[{"name":"wp","href":"https:\/\/api.w.org\/{rel}","templated":true}]}}