{"id":1184,"date":"2019-01-11T17:36:41","date_gmt":"2019-01-11T19:36:41","guid":{"rendered":"https:\/\/www.greatholdings.com.br\/solutions\/?page_id=1184"},"modified":"2019-01-29T14:03:51","modified_gmt":"2019-01-29T16:03:51","slug":"inovacao","status":"publish","type":"page","link":"https:\/\/www.greatholdings.com.br\/solutions\/inovacao\/","title":{"rendered":"Inova\u00e7\u00e3o"},"content":{"rendered":"<p>[vc_row][vc_column width=&#8221;2\/3&#8243;][vc_empty_space][vc_empty_space][vc_column_text]<\/p>\n<p><strong>Inova\u00e7\u00e3o est\u00e1 no DNA da Great Holdings e \u00e9 um dos cinco valores corporativos do Grupo. A cultura de inova\u00e7\u00e3o sempre esteve presente na nossa trajet\u00f3ria e foi o que nos permitiu expandir com rapidez e seguran\u00e7a.<\/strong><\/p>\n<p>\u00c9 a Great Solutions a empresa que lidera as a\u00e7\u00f5es de inova\u00e7\u00e3o do Grupo. O \u201cFunil de Inova\u00e7\u00e3o\u201d \u00e9 a metodologia que utilizamos para capturar, avaliar, selecionar e desenvolver solu\u00e7\u00f5es customizadas para os desafios dos nossos clientes.<\/p>\n<p>Diversos parceiros e institui\u00e7\u00f5es de ensino nos apoiam nas iniciativas de inova\u00e7\u00e3o, em especial atrav\u00e9s de interc\u00e2mbio de tecnologia, recursos e conhecimento.<\/p>\n<p>A nossa estrutura de inova\u00e7\u00e3o \u00e9 tamb\u00e9m voltada para melhoria dos processos internos, buscando continuamente torn\u00e1-los mais simples e eficientes.<\/p>\n<p>Continuaremos, como parte da estrat\u00e9gia do Grupo, investindo em inova\u00e7\u00e3o para nos posicionar e nos manter l\u00edderes no mercado em que atuamos.<\/p>\n<p><img loading=\"lazy\" decoding=\"async\" class=\"wp-image-1190 size-full alignleft\" src=\"https:\/\/www.greatholdings.com.br\/solutions\/wp-content\/uploads\/2019\/01\/inovacao-slide.jpg\" alt=\"\" width=\"742\" height=\"600\" srcset=\"https:\/\/www.greatholdings.com.br\/solutions\/wp-content\/uploads\/2019\/01\/inovacao-slide.jpg 742w, https:\/\/www.greatholdings.com.br\/solutions\/wp-content\/uploads\/2019\/01\/inovacao-slide-300x243.jpg 300w\" sizes=\"auto, (max-width: 742px) 100vw, 742px\" \/><\/p>\n<p>[\/vc_column_text][\/vc_column][vc_column width=&#8221;1\/3&#8243;][\/vc_column][\/vc_row][vc_row][vc_column][vc_empty_space][\/vc_column][\/vc_row]<\/p>\n","protected":false},"excerpt":{"rendered":"<p>[vc_row][vc_column width=&#8221;2\/3&#8243;][vc_empty_space][vc_empty_space][vc_column_text] Inova\u00e7\u00e3o est\u00e1 no DNA da Great Holdings e \u00e9 um dos cinco valores corporativos do Grupo. A cultura de inova\u00e7\u00e3o sempre esteve presente na nossa trajet\u00f3ria e foi o que nos permitiu expandir com rapidez e seguran\u00e7a. \u00c9 a Great Solutions a empresa que lidera as a\u00e7\u00f5es de inova\u00e7\u00e3o do Grupo. O \u201cFunil [&hellip;]<\/p>\n","protected":false},"author":852930,"featured_media":0,"parent":0,"menu_order":0,"comment_status":"closed","ping_status":"closed","template":"page-templates\/template-full.php","meta":{"footnotes":""},"class_list":["post-1184","page","type-page","status-publish","hentry"],"_links":{"self":[{"href":"https:\/\/www.greatholdings.com.br\/solutions\/wp-json\/wp\/v2\/pages\/1184","targetHints":{"allow":["GET"]}}],"collection":[{"href":"https:\/\/www.greatholdings.com.br\/solutions\/wp-json\/wp\/v2\/pages"}],"about":[{"href":"https:\/\/www.greatholdings.com.br\/solutions\/wp-json\/wp\/v2\/types\/page"}],"author":[{"embeddable":true,"href":"https:\/\/www.greatholdings.com.br\/solutions\/wp-json\/wp\/v2\/users\/852930"}],"replies":[{"embeddable":true,"href":"https:\/\/www.greatholdings.com.br\/solutions\/wp-json\/wp\/v2\/comments?post=1184"}],"version-history":[{"count":12,"href":"https:\/\/www.greatholdings.com.br\/solutions\/wp-json\/wp\/v2\/pages\/1184\/revisions"}],"predecessor-version":[{"id":1252,"href":"https:\/\/www.greatholdings.com.br\/solutions\/wp-json\/wp\/v2\/pages\/1184\/revisions\/1252"}],"wp:attachment":[{"href":"https:\/\/www.greatholdings.com.br\/solutions\/wp-json\/wp\/v2\/media?parent=1184"}],"curies":[{"name":"wp","href":"https:\/\/api.w.org\/{rel}","templated":true}]}}