{"id":1209,"date":"2019-01-18T18:20:28","date_gmt":"2019-01-18T20:20:28","guid":{"rendered":"https:\/\/www.greatholdings.com.br\/solutions\/?page_id=1209"},"modified":"2019-01-18T18:35:07","modified_gmt":"2019-01-18T20:35:07","slug":"quem-somos","status":"publish","type":"page","link":"https:\/\/www.greatholdings.com.br\/solutions\/quem-somos\/","title":{"rendered":"QUEM SOMOS"},"content":{"rendered":"<p>[vc_row 0=&#8221;&#8221;][vc_column 0=&#8221;&#8221; width=&#8221;2\/3&#8243;][vc_empty_space 0=&#8221;&#8221;][vc_column_text 0=&#8221;&#8221;]<img decoding=\"async\" class=\"alignnone size-full wp-image-4738\" src=\"https:\/\/www.greatholdings.com.br\/solutions\/wp-content\/uploads\/2019\/01\/great_solutions.jpg\" alt=\"\" \/><\/p>\n<p>&nbsp;<\/p>\n<p><strong>Pioneira na utiliza\u00e7\u00e3o de fluidos de perfura\u00e7\u00e3o a base de nanotecnologia, a Great Solutions \u00e9 a empresa do grupo que oferece uma ampla gama de servi\u00e7os para as opera\u00e7\u00f5es de perfura\u00e7\u00e3o, completa\u00e7\u00e3o e descomissionamento de po\u00e7os. Al\u00e9m do fornecimento de flu\u00eddos, a empresa \u00e9 reconhecida pelos servi\u00e7os de cimenta\u00e7\u00e3o e controle de s\u00f3lidos.<\/strong><\/p>\n<p>Na busca constante por solu\u00e7\u00f5es integradas para toda a cadeia produtiva, a Great Solutions iniciou o desenvolvimento do segmento de produtos qu\u00edmicos e servi\u00e7os espec\u00edficos para a produ\u00e7\u00e3o de petr\u00f3leo e g\u00e1s, focando em tecnologias de alta performance tanto para a revitaliza\u00e7\u00e3o de campos maduros, quanto para os desafios do pr\u00e9-sal.<\/p>\n<p>\u00c9 a Great Solutions que lidera as a\u00e7\u00f5es de inova\u00e7\u00e3o da Holding, com \u00eanfase em solu\u00e7\u00f5es customizadas para os mais diversos desafios enfrentados por nossos clientes. Estamos constantemente presentes nas principais confer\u00eancias e congressos do setor, publicando artigos com resultado de estudos e servi\u00e7os.[\/vc_column_text][\/vc_column][vc_column width=&#8221;1\/3&#8243;][\/vc_column][\/vc_row][vc_row 0=&#8221;&#8221;][vc_column 0=&#8221;&#8221;][vc_empty_space 0=&#8221;&#8221;][\/vc_column][\/vc_row]<\/p>\n","protected":false},"excerpt":{"rendered":"<p>[vc_row 0=&#8221;&#8221;][vc_column 0=&#8221;&#8221; width=&#8221;2\/3&#8243;][vc_empty_space 0=&#8221;&#8221;][vc_column_text 0=&#8221;&#8221;] &nbsp; Pioneira na utiliza\u00e7\u00e3o de fluidos de perfura\u00e7\u00e3o a base de nanotecnologia, a Great Solutions \u00e9 a empresa do grupo que oferece uma ampla gama de servi\u00e7os para as opera\u00e7\u00f5es de perfura\u00e7\u00e3o, completa\u00e7\u00e3o e descomissionamento de po\u00e7os. Al\u00e9m do fornecimento de flu\u00eddos, a empresa \u00e9 reconhecida pelos servi\u00e7os de [&hellip;]<\/p>\n","protected":false},"author":852930,"featured_media":0,"parent":0,"menu_order":0,"comment_status":"closed","ping_status":"closed","template":"page-templates\/template-full.php","meta":{"footnotes":""},"class_list":["post-1209","page","type-page","status-publish","hentry"],"_links":{"self":[{"href":"https:\/\/www.greatholdings.com.br\/solutions\/wp-json\/wp\/v2\/pages\/1209","targetHints":{"allow":["GET"]}}],"collection":[{"href":"https:\/\/www.greatholdings.com.br\/solutions\/wp-json\/wp\/v2\/pages"}],"about":[{"href":"https:\/\/www.greatholdings.com.br\/solutions\/wp-json\/wp\/v2\/types\/page"}],"author":[{"embeddable":true,"href":"https:\/\/www.greatholdings.com.br\/solutions\/wp-json\/wp\/v2\/users\/852930"}],"replies":[{"embeddable":true,"href":"https:\/\/www.greatholdings.com.br\/solutions\/wp-json\/wp\/v2\/comments?post=1209"}],"version-history":[{"count":4,"href":"https:\/\/www.greatholdings.com.br\/solutions\/wp-json\/wp\/v2\/pages\/1209\/revisions"}],"predecessor-version":[{"id":1216,"href":"https:\/\/www.greatholdings.com.br\/solutions\/wp-json\/wp\/v2\/pages\/1209\/revisions\/1216"}],"wp:attachment":[{"href":"https:\/\/www.greatholdings.com.br\/solutions\/wp-json\/wp\/v2\/media?parent=1209"}],"curies":[{"name":"wp","href":"https:\/\/api.w.org\/{rel}","templated":true}]}}