{"id":1226,"date":"2019-01-18T18:54:20","date_gmt":"2019-01-18T20:54:20","guid":{"rendered":"https:\/\/www.greatholdings.com.br\/solutions\/?page_id=1226"},"modified":"2019-01-18T19:05:15","modified_gmt":"2019-01-18T21:05:15","slug":"production-solutions","status":"publish","type":"page","link":"https:\/\/www.greatholdings.com.br\/solutions\/production-solutions\/","title":{"rendered":"PRODUCTION SOLUTIONS"},"content":{"rendered":"<p>[vc_row][vc_column width=&#8221;2\/3&#8243;][vc_empty_space][vc_column_text]<\/p>\n<p style=\"font-size: 28px; line-height: 1.2;\">Production Solutions<\/p>\n<p>A Production Solutions (PS) \u00e9 a linha de neg\u00f3cios da Great Solutions respons\u00e1vel pelo fornecimento de produtos qu\u00edmicos e servi\u00e7os para atendimento da atividade de produ\u00e7\u00e3o de \u00f3leo e g\u00e1s nos mercados onshore e offshore.<\/p>\n<p>Com destaque na revitaliza\u00e7\u00e3o de campos maduros e no desenvolvimento de tecnologias voltadas para o segmento offshore e desafios do pr\u00e9-sal, a PS prov\u00ea solu\u00e7\u00f5es customizadas para garantia de escoamento, gerenciamento de integridade e otimiza\u00e7\u00e3o da produ\u00e7\u00e3o com foco cont\u00ednuo no desenvolvimento de tecnologias de alta performance e baixo custo.<\/p>\n<p><strong>Produtos <\/strong><\/p>\n<ul>\n<li>Especialidades qu\u00edmicas para o segmento de produ\u00e7\u00e3o, incluindo lubrificantes, glic\u00f3is, sequestrantes de H2S base \u00f3leo\/base \u00e1gua, inibidores de corros\u00e3o, desemulsificantes, preventor de emuls\u00e3o, solvente de parafina e outros produtos qu\u00edmicos estrat\u00e9gicos.<\/li>\n<li>Commotities e especialidades para o mercado de refinarias e petroqu\u00edmico.<\/li>\n<li>Completo portf\u00f3lio de produtos qu\u00edmicos industriais tais como: solventes, inorg\u00e2nicos e oxidantes.<\/li>\n<\/ul>\n<p><strong>\u00a0<\/strong><strong>Servi\u00e7os<\/strong><\/p>\n<ul>\n<li>Gerenciamento de corros\u00e3o \u2013 monitoramento e controle<\/li>\n<li>Limpeza de tubula\u00e7\u00e3o, tanques e vasos<\/li>\n<li>Otimiza\u00e7\u00e3o de planta de produ\u00e7\u00e3o e processamento de \u00f3leo e g\u00e1s<\/li>\n<li>Sistema de redu\u00e7\u00e3o da press\u00e3o anular<\/li>\n<li>Controle de bact\u00e9rias e H2S em tanques de \u00f3leo e \u00e1gua \u2013 plataformas e terminais<\/li>\n<li>Tratamento de \u00e1gua produzida<\/li>\n<\/ul>\n<p>[\/vc_column_text][\/vc_column][vc_column width=&#8221;1\/3&#8243;][\/vc_column][\/vc_row][vc_row][vc_column][vc_empty_space][\/vc_column][\/vc_row]<\/p>\n","protected":false},"excerpt":{"rendered":"<p>[vc_row][vc_column width=&#8221;2\/3&#8243;][vc_empty_space][vc_column_text] Production Solutions A Production Solutions (PS) \u00e9 a linha de neg\u00f3cios da Great Solutions respons\u00e1vel pelo fornecimento de produtos qu\u00edmicos e servi\u00e7os para atendimento da atividade de produ\u00e7\u00e3o de \u00f3leo e g\u00e1s nos mercados onshore e offshore. Com destaque na revitaliza\u00e7\u00e3o de campos maduros e no desenvolvimento de tecnologias voltadas para o segmento [&hellip;]<\/p>\n","protected":false},"author":852930,"featured_media":0,"parent":0,"menu_order":0,"comment_status":"closed","ping_status":"closed","template":"page-templates\/template-full.php","meta":{"footnotes":""},"class_list":["post-1226","page","type-page","status-publish","hentry"],"_links":{"self":[{"href":"https:\/\/www.greatholdings.com.br\/solutions\/wp-json\/wp\/v2\/pages\/1226","targetHints":{"allow":["GET"]}}],"collection":[{"href":"https:\/\/www.greatholdings.com.br\/solutions\/wp-json\/wp\/v2\/pages"}],"about":[{"href":"https:\/\/www.greatholdings.com.br\/solutions\/wp-json\/wp\/v2\/types\/page"}],"author":[{"embeddable":true,"href":"https:\/\/www.greatholdings.com.br\/solutions\/wp-json\/wp\/v2\/users\/852930"}],"replies":[{"embeddable":true,"href":"https:\/\/www.greatholdings.com.br\/solutions\/wp-json\/wp\/v2\/comments?post=1226"}],"version-history":[{"count":2,"href":"https:\/\/www.greatholdings.com.br\/solutions\/wp-json\/wp\/v2\/pages\/1226\/revisions"}],"predecessor-version":[{"id":1233,"href":"https:\/\/www.greatholdings.com.br\/solutions\/wp-json\/wp\/v2\/pages\/1226\/revisions\/1233"}],"wp:attachment":[{"href":"https:\/\/www.greatholdings.com.br\/solutions\/wp-json\/wp\/v2\/media?parent=1226"}],"curies":[{"name":"wp","href":"https:\/\/api.w.org\/{rel}","templated":true}]}}