{"id":1261,"date":"2019-02-13T21:32:47","date_gmt":"2019-02-13T23:32:47","guid":{"rendered":"https:\/\/www.greatholdings.com.br\/solutions\/?page_id=1261"},"modified":"2019-02-14T03:16:45","modified_gmt":"2019-02-14T05:16:45","slug":"home-2","status":"publish","type":"page","link":"https:\/\/www.greatholdings.com.br\/solutions\/","title":{"rendered":"Home"},"content":{"rendered":"<p>[vc_row fullwidth=&#8221;yes&#8221; gap=&#8221;&#8221; parallax=&#8221;&#8221; el_class=&#8221;top-slide&#8221; el_id=&#8221;home&#8221;][vc_column 0=&#8221;&#8221;][rev_slider_vc alias=&#8221;slider1&#8243;][\/vc_column][\/vc_row][vc_row css=&#8221;.vc_custom_1550121392065{margin-top: -81px !important;padding-top: 60px !important;padding-bottom: 60px !important;background-color: #192753 !important;}&#8221;][vc_column 0=&#8221;&#8221;][vc_column_text 0=&#8221;&#8221;]<span style=\"text-align: center; box-sizing: border-box; color: #ffffff; display: block; font-family: 'Roboto', Arial, sans-serif; font-size: 21px; font-weight: 500; letter-spacing: normal; line-height: 1.4; text-transform: uppercase; margin: 0px;\">A ATUA\u00c7\u00c3O DA GREAT SOLUTIONS VAI DA OFERTA DE FLUIDOS DE PERFURA\u00c7\u00c3O, COMPLETA\u00c7\u00c3O, CIMENTA\u00c7\u00c3O, CONTROLE DE RES\u00cdDUOS AO GERENCIAMENTO E EXECU\u00c7\u00c3O DO DESCOMISSIONAMENTO DE PO\u00c7OS (P &amp; A).<\/span>[\/vc_column_text][\/vc_column][\/vc_row][vc_row css=&#8221;.vc_custom_1550121258920{padding-top: 80px !important;padding-bottom: 80px !important;background-color: #f8f5f2 !important;}&#8221;][vc_column el_id=&#8221;servicos&#8221;]\t\n\t<h1 style=\"text-align: center;margin-bottom: 10px;\" > Nossos Servi\u00e7os<\/h1>\t\n[vc_column_text css=&#8221;.vc_custom_1542066020067{margin-bottom: 60px !important;}&#8221;]<\/p>\n<p style=\"text-align: center;\">A empresa aposta no desenvolvimento de solu\u00e7\u00f5es inovadoras com tecnologia diferenciada, capaz de antecipar<br \/>\nnecessidades e superar as expectativas de seus clientes.<\/p>\n<p>[\/vc_column_text][\/vc_column][vc_column 0=&#8221;&#8221;][vc_row_inner el_class=&#8221;full-height&#8221;][vc_column_inner width=&#8221;1\/3&#8243;]    <div class=\"service-block\"><!-- service block -->\n      <div class=\"service-img\"> <a href=\"https:\/\/www.greatholdings.com.br\/solutions\/well-solutions\/\" title=\"Corporate Tax Image\"><img decoding=\"async\" src=\"https:\/\/www.greatholdings.com.br\/solutions\/wp-content\/uploads\/2019\/01\/job_1_solutions.jpg\" alt=\"\" class=\"img-responsive\"><\/a> <\/div>\n      <div class=\"service-desc bg-color inerspace40 text-center\">\n        <h2 ><a href=\"https:\/\/www.greatholdings.com.br\/solutions\/well-solutions\/\" class=\"heading-title\" title=\"Corporate Tax Title\">Well Solutions<\/a><\/h2>\n        <p><\/p>\n<p style=\"text-align: left;\">A Great Solutions possui em seu portf\u00f3lio uma \u00e1rea de Servi\u00e7os de Cimenta\u00e7\u00e3o voltada a oferecer solu\u00e7\u00f5es para os v\u00e1rios desafios encontrados nessa atividade cr\u00edtica para garantir a integridade do po\u00e7o.<\/p>\n<p><\/p>\n      <\/div>\n    <\/div>\n[\/vc_column_inner][vc_column_inner width=&#8221;1\/3&#8243;]    <div class=\"service-block\"><!-- service block -->\n      <div class=\"service-img\"> <a href=\"https:\/\/www.greatholdings.com.br\/solutions\/fluid-solutions\/\" title=\"Corporate Tax Image\"><img decoding=\"async\" src=\"https:\/\/www.greatholdings.com.br\/solutions\/wp-content\/uploads\/2019\/01\/job_2_solutions.jpg\" alt=\"\" class=\"img-responsive\"><\/a> <\/div>\n      <div class=\"service-desc bg-color inerspace40 text-center\">\n        <h2 ><a href=\"https:\/\/www.greatholdings.com.br\/solutions\/fluid-solutions\/\" class=\"heading-title\" title=\"Corporate Tax Title\">Fluid Solutions<\/a><\/h2>\n        <p><\/p>\n<p style=\"text-align: left;\">A Great Solutions fornece todos os servi\u00e7os e produtos associados a fluidos de perfura\u00e7\u00e3o e completa\u00e7\u00e3o necess\u00e1rios para o seu po\u00e7o.<\/p>\n<p><\/p>\n      <\/div>\n    <\/div>\n[\/vc_column_inner][vc_column_inner width=&#8221;1\/3&#8243;]    <div class=\"service-block\"><!-- service block -->\n      <div class=\"service-img\"> <a href=\"https:\/\/www.greatholdings.com.br\/solutions\/production-solutions\/\" title=\"Corporate Tax Image\"><img decoding=\"async\" src=\"https:\/\/www.greatholdings.com.br\/solutions\/wp-content\/uploads\/2019\/01\/job_3_solutions.jpg\" alt=\"\" class=\"img-responsive\"><\/a> <\/div>\n      <div class=\"service-desc bg-color inerspace40 text-center\">\n        <h2 ><a href=\"https:\/\/www.greatholdings.com.br\/solutions\/production-solutions\/\" class=\"heading-title\" title=\"Corporate Tax Title\">Production Solutions<\/a><\/h2>\n        <p>Linha de neg\u00f3cios respons\u00e1vel pelo fornecimento de produtos qu\u00edmicos e servi\u00e7os para atendimento da atividade de produ\u00e7\u00e3o de \u00f3leo e g\u00e1s nos mercados onshore e offshore.<\/p>\n      <\/div>\n    <\/div>\n[\/vc_column_inner][\/vc_row_inner][vc_empty_space height=&#8221;32&#8243;][\/vc_column][\/vc_row][vc_row css=&#8221;.vc_custom_1547844328014{padding-top: 20px !important;padding-bottom: 20px !important;background-color: #f8f5f2 !important;}&#8221;][vc_column el_id=&#8221;presenca&#8221;]\t\n\t<h1 style=\"text-align: center;margin-bottom: 10px;\" > PRESEN\u00c7A INTERNACIONAL<\/h1>\t\n[\/vc_column][vc_column 0=&#8221;&#8221;][vc_column_text]<\/p>\n<p style=\"text-align: center;\">A Great Holdings tamb\u00e9m investe na expans\u00e3o internacional e j\u00e1 est\u00e1 presente na Argentina,<br \/>\nPeru e nos Estados Unidos atrav\u00e9s da Great Solutions Am\u00e9rica.<\/p>\n<p>[\/vc_column_text][vc_empty_space height=&#8221;32&#8243;][vc_single_image image=&#8221;1239&#8243; img_size=&#8221;full&#8221; alignment=&#8221;center&#8221;][vc_column_text]<\/p>\n<p style=\"text-align: center;\"><a class=\"btn btn-primary\" href=\"http:\/\/www.greatsolutionsamerica.com\/\" target=\"_blank\" rel=\"noopener\">Great Solutions America<\/a><\/p>\n<p>[\/vc_column_text][\/vc_column][\/vc_row][vc_row css=&#8221;.vc_custom_1499832359503{padding-top: 80px !important;padding-bottom: 80px !important;background-color: #f8f5f2 !important;}&#8221; el_class=&#8221;hide hidden&#8221;][vc_column 0=&#8221;&#8221;]\t\n\t<h1 style=\"text-align: center;margin-bottom: 10px;\" > Depoimentos<\/h1>\t\n[vc_column_text css=&#8221;.vc_custom_1491675521554{margin-bottom: 60px !important;}&#8221;]<\/p>\n<p style=\"text-align: center;\">Opini\u00e3o de profissionais do mercado e clientes sobre a Great Solutions<\/p>\n<p>[\/vc_column_text]        <div class=\"testimonial-section\">\n      <div class=\"owl-carousel\">\n      \n        <div class=\"item\">\n          <div class=\"well-default\">\n            <div class=\"testimonial-block\">\n              <div class=\"testimonial-quote\"> <i class=\"fa fa-quote-left\"><\/i> <\/div>\n              <div class=\"testimonial-desc\"><p>\u201cI just don&#8217;t know how to describe your services. you are extraordinary! I am quite happy with them! Just keep up going this way!\u201d<\/p>\n<\/div>\n              <div class=\"testimonial-info\">\n                <h3 class=\"testimonial-name\">Ryder Lothian<\/h3>\n                <span class=\"testimonial-meta\">Financial Planning<\/span> \n              <\/div>\n            <\/div>\n          <\/div>\n        <\/div>  \n      \n        <div class=\"item\">\n          <div class=\"well-default\">\n            <div class=\"testimonial-block\">\n              <div class=\"testimonial-quote\"> <i class=\"fa fa-quote-left\"><\/i> <\/div>\n              <div class=\"testimonial-desc\"><p>\u201cIn short meetings with Smith managed to find the solution personally catered to my situation and expectations. Punctual, well informed and very reliable.\u201d<\/p>\n<\/div>\n              <div class=\"testimonial-info\">\n                <h3 class=\"testimonial-name\">Smith Lothian<\/h3>\n                <span class=\"testimonial-meta\">Financial Planning<\/span> \n              <\/div>\n            <\/div>\n          <\/div>\n        <\/div>  \n      \n        <div class=\"item\">\n          <div class=\"well-default\">\n            <div class=\"testimonial-block\">\n              <div class=\"testimonial-quote\"> <i class=\"fa fa-quote-left\"><\/i> <\/div>\n              <div class=\"testimonial-desc\"><p>&#8220;Proin sollicitudin non sem vel secenas nec magna odio urabitur is, in aliquet urna varius sedmperdiet tempus metus, ac fermentum mauris ornare non.&#8221;<\/p>\n<\/div>\n              <div class=\"testimonial-info\">\n                <h3 class=\"testimonial-name\">Ryder Lothian<\/h3>\n                <span class=\"testimonial-meta\">Financial Planning<\/span> \n              <\/div>\n            <\/div>\n          <\/div>\n        <\/div>  \n      \n        <div class=\"item\">\n          <div class=\"well-default\">\n            <div class=\"testimonial-block\">\n              <div class=\"testimonial-quote\"> <i class=\"fa fa-quote-left\"><\/i> <\/div>\n              <div class=\"testimonial-desc\"><p>&#8220;Proin sollicitudin non sem vel secenas nec magna odio urabitur is, in aliquet urna varius sedmperdiet tempus metus, ac fermentum mauris ornare non.&#8221;<\/p>\n<\/div>\n              <div class=\"testimonial-info\">\n                <h3 class=\"testimonial-name\">Ryder Lothian<\/h3>\n                <span class=\"testimonial-meta\">Financial Planning<\/span> \n              <\/div>\n            <\/div>\n          <\/div>\n        <\/div>  \n                  <\/div>\n    <\/div>\n    [\/vc_column][\/vc_row][vc_row fullwidth=&#8221;yes&#8221; el_class=&#8221;hidden&#8221;][vc_column 0=&#8221;&#8221;]        <div class=\"call-to-action\">\n      <div class=\"container\">\n        <div class=\"row\">\n          <div class=\"col-md-9\">\n            <h1 class=\"call-to-action-title\">Contact us for more information<\/h1>          <\/div>\n          <div class=\"col-md-3\">\n                <a data-gal=\"m_PageScroll2id\" data-ps2id-offset=\"78\" class=\"btn btn-secondary btn-lg\" href=\"http:\/\/www.greatsolutions.tech\/greatsolutions\/contact\" title=\"Read more\" target=\"_self\">Read more<\/a>          <\/div>\n        \n        <\/div>\n      <\/div>\n    <\/div>\n    [\/vc_column][\/vc_row]<\/p>\n","protected":false},"excerpt":{"rendered":"<p>[vc_row fullwidth=&#8221;yes&#8221; gap=&#8221;&#8221; parallax=&#8221;&#8221; el_class=&#8221;top-slide&#8221; el_id=&#8221;home&#8221;][vc_column 0=&#8221;&#8221;][rev_slider_vc alias=&#8221;slider1&#8243;][\/vc_column][\/vc_row][vc_row css=&#8221;.vc_custom_1550121392065{margin-top: -81px !important;padding-top: 60px !important;padding-bottom: 60px !important;background-color: #192753 !important;}&#8221;][vc_column 0=&#8221;&#8221;][vc_column_text 0=&#8221;&#8221;]A ATUA\u00c7\u00c3O DA GREAT SOLUTIONS VAI DA OFERTA DE FLUIDOS DE PERFURA\u00c7\u00c3O, COMPLETA\u00c7\u00c3O, CIMENTA\u00c7\u00c3O, CONTROLE DE RES\u00cdDUOS AO GERENCIAMENTO E EXECU\u00c7\u00c3O DO DESCOMISSIONAMENTO DE PO\u00c7OS (P &amp; A).[\/vc_column_text][\/vc_column][\/vc_row][vc_row css=&#8221;.vc_custom_1550121258920{padding-top: 80px !important;padding-bottom: 80px !important;background-color: #f8f5f2 !important;}&#8221;][vc_column el_id=&#8221;servicos&#8221;][vc_column_text css=&#8221;.vc_custom_1542066020067{margin-bottom: [&hellip;]<\/p>\n","protected":false},"author":852930,"featured_media":0,"parent":0,"menu_order":0,"comment_status":"closed","ping_status":"closed","template":"page-templates\/template-canvas.php","meta":{"footnotes":""},"class_list":["post-1261","page","type-page","status-publish","hentry"],"_links":{"self":[{"href":"https:\/\/www.greatholdings.com.br\/solutions\/wp-json\/wp\/v2\/pages\/1261","targetHints":{"allow":["GET"]}}],"collection":[{"href":"https:\/\/www.greatholdings.com.br\/solutions\/wp-json\/wp\/v2\/pages"}],"about":[{"href":"https:\/\/www.greatholdings.com.br\/solutions\/wp-json\/wp\/v2\/types\/page"}],"author":[{"embeddable":true,"href":"https:\/\/www.greatholdings.com.br\/solutions\/wp-json\/wp\/v2\/users\/852930"}],"replies":[{"embeddable":true,"href":"https:\/\/www.greatholdings.com.br\/solutions\/wp-json\/wp\/v2\/comments?post=1261"}],"version-history":[{"count":10,"href":"https:\/\/www.greatholdings.com.br\/solutions\/wp-json\/wp\/v2\/pages\/1261\/revisions"}],"predecessor-version":[{"id":1313,"href":"https:\/\/www.greatholdings.com.br\/solutions\/wp-json\/wp\/v2\/pages\/1261\/revisions\/1313"}],"wp:attachment":[{"href":"https:\/\/www.greatholdings.com.br\/solutions\/wp-json\/wp\/v2\/media?parent=1261"}],"curies":[{"name":"wp","href":"https:\/\/api.w.org\/{rel}","templated":true}]}}